{"id":3312,"date":"2024-05-28T14:02:28","date_gmt":"2024-05-28T14:02:28","guid":{"rendered":"https:\/\/cms.patrimoine3r.quebec\/?page_id=3312"},"modified":"2026-03-14T11:57:49","modified_gmt":"2026-03-14T11:57:49","slug":"a-propos","status":"publish","type":"page","link":"https:\/\/cms.patrimoine3r.quebec\/index.php\/a-propos\/","title":{"rendered":"A propos"},"content":{"rendered":"","protected":false},"excerpt":{"rendered":"","protected":false},"author":2,"featured_media":0,"parent":0,"menu_order":0,"comment_status":"closed","ping_status":"closed","template":"","meta":{"_acf_changed":false,"_et_pb_use_builder":"","_et_pb_old_content":"","_et_gb_content_width":"","footnotes":""},"class_list":["post-3312","page","type-page","status-publish","hentry"],"acf":{"contenu-fr":"<h2>Bienvenue<\/h2>\r\nBonjour \u00e0 vous, visiteurs et visiteuses qui avez choisi de vous arr\u00eater chez nous.\r\n\r\nNous sommes heureux de vous offrir le guide num\u00e9rique Exp\u00e9rience patrimoine Trois-Rivi\u00e8res, un instrument convivial de d\u00e9couverte de la deuxi\u00e8me plus ancienne ville du Qu\u00e9bec. De mani\u00e8re autonome, vous \u00eates invit\u00e9s \u00e0 d\u00e9ambuler dans les principaux lieux qui ont marqu\u00e9 son histoire.\r\n\r\n<img class=\"alignnone size-medium wp-image-3252\" src=\"https:\/\/cms.patrimoine3r.quebec\/wp-content\/uploads\/2023\/02\/068-1-3-300x199.jpg\" alt=\"\" width=\"300\" height=\"199\" \/>\r\n\r\nLe guide vous propose plusieurs parcours qui vous permettront de d\u00e9couvrir, selon vos envies, les merveilles que Trois-Rivi\u00e8res rec\u00e8le. C\u2019est un voyage passionnant \u00e0 travers plusieurs si\u00e8cles, de la fondation de la ville \u00e0 aujourd\u2019hui.\r\n\r\nNous vous souhaitons une visite des plus enrichissantes et des plus agr\u00e9ables, et nous esp\u00e9rons avoir le plaisir de vous revoir.\r\n\r\n<img class=\"alignnone size-medium wp-image-2343\" src=\"https:\/\/cms.patrimoine3r.quebec\/wp-content\/uploads\/2023\/02\/010-3-2-2-300x228.jpg\" alt=\"\" width=\"300\" height=\"228\" \/>\r\n<h2>Remerciement<\/h2>\r\nNous tenons \u00e0 remercier de fa\u00e7on particuli\u00e8re les personnes suivantes:\r\n\r\nM. Daniel Robert, historien et fin connaisseur de tous les personnages \u00e9difices et \u00e9v\u00e8nements marquants de Trois-Rivi\u00e8res,\r\n\r\nM. Fran\u00e7ois Roy, passionn\u00e9 de la grande et de la petite histoire, raconteur des anecdotes savoureuses qui font revivre des moments du pass\u00e9,\r\n\r\nM. Alain Gervais, grand collectionneur de photos anciennes et auteur des photos r\u00e9centes qui permettent de bien observer l'\u00e9volution de sites.\r\n\r\nDe plus, le Guide n'aurait pu \u00eatre r\u00e9alis\u00e9 sans la contribution tr\u00e8s g\u00e9n\u00e9reuse du Port de Trois-Rivi\u00e8res, principal commanditaire, de Tourisme Trois-Rivi\u00e8res et de la Soci\u00e9t\u00e9 Saint-Jean-Baptiste de la Mauricie. Nous remercions chaleureusement toutes les personnes qui nous ont encourag\u00e9s et qui ont ainsi assur\u00e9 la diffusion de notre patrimoine aupr\u00e8s du grand public, d'ici ou d'ailleurs.","contenu-en":"<h2>Welcome<\/h2>\r\nHello to you, visitors who have chosen to stop by us.\r\n\r\nWe are pleaser to offer you the Trois-Rivi\u00e8res Heritage Experience digital guide, a user-friendly tool for discovering Quebec's second oldest city. Independently, you are invited to stroll through the main places that have marked its history\r\n\r\n<img class=\"alignnone size-medium wp-image-3252\" src=\"https:\/\/cms.patrimoine3r.quebec\/wp-content\/uploads\/2023\/02\/068-1-3-300x199.jpg\" alt=\"\" width=\"300\" height=\"199\" \/>\r\n\r\nThe guide offers you three routes. One will take you to the commercial and cultural heart of the city, the other to its historic distrcit. But if you have a little more time, the third course presents a happy combination of the two previous parts.\r\n\r\nWe wish you a most enriching and enjoyable visit, and we hope to have the pleasure of seeing you again.\r\n\r\nThe Trois-Rivi\u00e8res Heritage Team\r\n\r\n<img class=\"alignnone size-medium wp-image-2343\" src=\"https:\/\/cms.patrimoine3r.quebec\/wp-content\/uploads\/2023\/02\/010-3-2-2-300x228.jpg\" alt=\"\" width=\"300\" height=\"228\" \/>\r\n<h2>Special thanks<\/h2>\r\nSpecial thanks to the following people:\r\n\r\nMr. Daniel Robert, historian and connoisseur of all characters, building and significant events of Trois-Rivi\u00e8res,\r\n\r\nMr. Fran\u00e7ois Roy, passionate about big and small history, storyteller of tasty anecdotes that revive moments of the past,\r\n\r\nMr. Alain Gervais, great collector of old photos and author of recent photos that allow to observe the evolution of the sites.\r\n\r\nIn addition, the Guide would note have been possible without the very generous contribution of the Port of Trois-Rivi\u00e8res, the main sponsor, Tourisme Trois-Rivi\u00e8res and the Soci\u00e9t\u00e9 Saint-Jean-Baptiste de la Mauricie. We warmly thank all the people who encouraged us and who have thus ensured the dissemination of our heritage to the general public, from here or elsewhere."},"_links":{"self":[{"href":"https:\/\/cms.patrimoine3r.quebec\/index.php\/wp-json\/wp\/v2\/pages\/3312","targetHints":{"allow":["GET"]}}],"collection":[{"href":"https:\/\/cms.patrimoine3r.quebec\/index.php\/wp-json\/wp\/v2\/pages"}],"about":[{"href":"https:\/\/cms.patrimoine3r.quebec\/index.php\/wp-json\/wp\/v2\/types\/page"}],"author":[{"embeddable":true,"href":"https:\/\/cms.patrimoine3r.quebec\/index.php\/wp-json\/wp\/v2\/users\/2"}],"replies":[{"embeddable":true,"href":"https:\/\/cms.patrimoine3r.quebec\/index.php\/wp-json\/wp\/v2\/comments?post=3312"}],"version-history":[{"count":13,"href":"https:\/\/cms.patrimoine3r.quebec\/index.php\/wp-json\/wp\/v2\/pages\/3312\/revisions"}],"predecessor-version":[{"id":3387,"href":"https:\/\/cms.patrimoine3r.quebec\/index.php\/wp-json\/wp\/v2\/pages\/3312\/revisions\/3387"}],"wp:attachment":[{"href":"https:\/\/cms.patrimoine3r.quebec\/index.php\/wp-json\/wp\/v2\/media?parent=3312"}],"curies":[{"name":"wp","href":"https:\/\/api.w.org\/{rel}","templated":true}]}}